{"id":495,"date":"2021-09-07T14:32:41","date_gmt":"2021-09-07T12:32:41","guid":{"rendered":"http:\/\/www.vyvojelektro.cz\/?page_id=495"},"modified":"2021-09-08T10:02:15","modified_gmt":"2021-09-08T08:02:15","slug":"services_cz","status":"publish","type":"page","link":"https:\/\/www.vyvojelektro.cz\/en\/services_cz\/","title":{"rendered":"services_cz"},"content":{"rendered":"<div data-elementor-type=\"wp-post\" data-elementor-id=\"495\" class=\"elementor elementor-495\">\n\t\t\t\t\t\t<section class=\"elementor-section elementor-top-section elementor-element elementor-element-f041f27 elementor-section-boxed elementor-section-height-default elementor-section-height-default\" data-id=\"f041f27\" data-element_type=\"section\">\n\t\t\t\t\t\t\t<div class=\"elementor-background-overlay\"><\/div>\n\t\t\t\t\t\t\t<div class=\"elementor-container elementor-column-gap-default\">\n\t\t\t\t\t<div class=\"elementor-column elementor-col-100 elementor-top-column elementor-element elementor-element-06f3575\" data-id=\"06f3575\" data-element_type=\"column\">\n\t\t\t<div class=\"elementor-widget-wrap elementor-element-populated\">\n\t\t\t\t\t\t<section class=\"elementor-section elementor-inner-section elementor-element elementor-element-4c107d7 elementor-section-boxed elementor-section-height-default elementor-section-height-default\" data-id=\"4c107d7\" data-element_type=\"section\" data-settings=\"{&quot;background_background&quot;:&quot;classic&quot;}\">\n\t\t\t\t\t\t<div class=\"elementor-container elementor-column-gap-default\">\n\t\t\t\t\t<div class=\"elementor-column elementor-col-50 elementor-inner-column elementor-element elementor-element-7d3b3a6\" data-id=\"7d3b3a6\" data-element_type=\"column\">\n\t\t\t<div class=\"elementor-widget-wrap elementor-element-populated\">\n\t\t\t\t\t\t<div class=\"elementor-element elementor-element-4737cfe elementor-widget elementor-widget-spacer\" data-id=\"4737cfe\" data-element_type=\"widget\" data-widget_type=\"spacer.default\">\n\t\t\t\t<div class=\"elementor-widget-container\">\n\t\t\t\t\t\t\t<div class=\"elementor-spacer\">\n\t\t\t<div class=\"elementor-spacer-inner\"><\/div>\n\t\t<\/div>\n\t\t\t\t\t\t<\/div>\n\t\t\t\t<\/div>\n\t\t\t\t<div class=\"elementor-element elementor-element-78e9190 elementor-widget elementor-widget-heading\" data-id=\"78e9190\" data-element_type=\"widget\" data-widget_type=\"heading.default\">\n\t\t\t\t<div class=\"elementor-widget-container\">\n\t\t\t\t\t<h1 class=\"elementor-heading-title elementor-size-default\">Our services<\/h1>\t\t\t\t<\/div>\n\t\t\t\t<\/div>\n\t\t\t\t\t<\/div>\n\t\t<\/div>\n\t\t\t\t<div class=\"elementor-column elementor-col-50 elementor-inner-column elementor-element elementor-element-49dacaf\" data-id=\"49dacaf\" data-element_type=\"column\">\n\t\t\t<div class=\"elementor-widget-wrap\">\n\t\t\t\t\t\t\t<\/div>\n\t\t<\/div>\n\t\t\t\t\t<\/div>\n\t\t<\/section>\n\t\t\t\t<div class=\"elementor-element elementor-element-b46ca85 elementor-widget elementor-widget-spacer\" data-id=\"b46ca85\" data-element_type=\"widget\" data-widget_type=\"spacer.default\">\n\t\t\t\t<div class=\"elementor-widget-container\">\n\t\t\t\t\t\t\t<div class=\"elementor-spacer\">\n\t\t\t<div class=\"elementor-spacer-inner\"><\/div>\n\t\t<\/div>\n\t\t\t\t\t\t<\/div>\n\t\t\t\t<\/div>\n\t\t\t\t\t<\/div>\n\t\t<\/div>\n\t\t\t\t\t<\/div>\n\t\t<\/section>\n\t\t\t\t<section class=\"elementor-section elementor-top-section elementor-element elementor-element-928a618 elementor-section-boxed elementor-section-height-default elementor-section-height-default\" data-id=\"928a618\" data-element_type=\"section\" id=\"projects\" data-settings=\"{&quot;background_background&quot;:&quot;classic&quot;}\">\n\t\t\t\t\t\t<div class=\"elementor-container elementor-column-gap-default\">\n\t\t\t\t\t<div class=\"elementor-column elementor-col-50 elementor-top-column elementor-element elementor-element-7f96fd0\" data-id=\"7f96fd0\" data-element_type=\"column\" data-settings=\"{&quot;background_background&quot;:&quot;classic&quot;}\">\n\t\t\t<div class=\"elementor-widget-wrap elementor-element-populated\">\n\t\t\t\t\t\t<section class=\"elementor-section elementor-inner-section elementor-element elementor-element-2fde9c9 elementor-section-boxed elementor-section-height-default elementor-section-height-default\" data-id=\"2fde9c9\" data-element_type=\"section\">\n\t\t\t\t\t\t<div class=\"elementor-container elementor-column-gap-no\">\n\t\t\t\t\t<div class=\"elementor-column elementor-col-100 elementor-inner-column elementor-element elementor-element-9b045bc\" data-id=\"9b045bc\" data-element_type=\"column\">\n\t\t\t<div class=\"elementor-widget-wrap elementor-element-populated\">\n\t\t\t\t\t\t<div class=\"elementor-element elementor-element-5f888aa elementor-widget elementor-widget-spacer\" data-id=\"5f888aa\" data-element_type=\"widget\" data-widget_type=\"spacer.default\">\n\t\t\t\t<div class=\"elementor-widget-container\">\n\t\t\t\t\t\t\t<div class=\"elementor-spacer\">\n\t\t\t<div class=\"elementor-spacer-inner\"><\/div>\n\t\t<\/div>\n\t\t\t\t\t\t<\/div>\n\t\t\t\t<\/div>\n\t\t\t\t<div class=\"elementor-element elementor-element-5f25479 elementor-position-left elementor-vertical-align-top elementor-widget elementor-widget-image-box\" data-id=\"5f25479\" data-element_type=\"widget\" data-widget_type=\"image-box.default\">\n\t\t\t\t<div class=\"elementor-widget-container\">\n\t\t\t\t\t<div class=\"elementor-image-box-wrapper\"><figure class=\"elementor-image-box-img\"><img fetchpriority=\"high\" decoding=\"async\" width=\"2560\" height=\"1707\" src=\"https:\/\/www.vyvojelektro.cz\/wp-content\/uploads\/2021\/09\/new-data-services-Ar-iTL4QKl4-unsplash-scaled.jpg\" class=\"attachment-full size-full wp-image-497\" alt=\"\" srcset=\"https:\/\/www.vyvojelektro.cz\/wp-content\/uploads\/2021\/09\/new-data-services-Ar-iTL4QKl4-unsplash-scaled.jpg 2560w, https:\/\/www.vyvojelektro.cz\/wp-content\/uploads\/2021\/09\/new-data-services-Ar-iTL4QKl4-unsplash-300x200.jpg 300w, https:\/\/www.vyvojelektro.cz\/wp-content\/uploads\/2021\/09\/new-data-services-Ar-iTL4QKl4-unsplash-1024x683.jpg 1024w, https:\/\/www.vyvojelektro.cz\/wp-content\/uploads\/2021\/09\/new-data-services-Ar-iTL4QKl4-unsplash-768x512.jpg 768w, https:\/\/www.vyvojelektro.cz\/wp-content\/uploads\/2021\/09\/new-data-services-Ar-iTL4QKl4-unsplash-1536x1024.jpg 1536w, https:\/\/www.vyvojelektro.cz\/wp-content\/uploads\/2021\/09\/new-data-services-Ar-iTL4QKl4-unsplash-2048x1365.jpg 2048w, https:\/\/www.vyvojelektro.cz\/wp-content\/uploads\/2021\/09\/new-data-services-Ar-iTL4QKl4-unsplash-600x400.jpg 600w\" sizes=\"(max-width: 2560px) 100vw, 2560px\" \/><\/figure><div class=\"elementor-image-box-content\"><p class=\"elementor-image-box-description\">We would like to offer you the development of custom electronics and electronic devices, above all:<br><br>- design of electronics circuits<br>- printed circuit boards design (PCB design)<br>-  mechanical components design<br>- firmware development for our applications<br>- processing of complete documentation, including <a href=\"http:\/\/www.posouzenishody.cz\/\" ;\"=\"\">conformity assessment<\/a><p><o:p><\/o:p><\/p>- product testing<br>- serial production launch<\/p><\/div><\/div>\t\t\t\t<\/div>\n\t\t\t\t<\/div>\n\t\t\t\t<div class=\"elementor-element elementor-element-4e3c25a elementor-widget elementor-widget-spacer\" data-id=\"4e3c25a\" data-element_type=\"widget\" data-widget_type=\"spacer.default\">\n\t\t\t\t<div class=\"elementor-widget-container\">\n\t\t\t\t\t\t\t<div class=\"elementor-spacer\">\n\t\t\t<div class=\"elementor-spacer-inner\"><\/div>\n\t\t<\/div>\n\t\t\t\t\t\t<\/div>\n\t\t\t\t<\/div>\n\t\t\t\t\t<\/div>\n\t\t<\/div>\n\t\t\t\t\t<\/div>\n\t\t<\/section>\n\t\t\t\t\t<\/div>\n\t\t<\/div>\n\t\t\t\t<div class=\"elementor-column elementor-col-50 elementor-top-column elementor-element elementor-element-4463a6c\" data-id=\"4463a6c\" data-element_type=\"column\">\n\t\t\t<div class=\"elementor-widget-wrap\">\n\t\t\t\t\t\t\t<\/div>\n\t\t<\/div>\n\t\t\t\t\t<\/div>\n\t\t<\/section>\n\t\t\t\t<section class=\"elementor-section elementor-top-section elementor-element elementor-element-9e75d07 elementor-section-content-middle elementor-section-boxed elementor-section-height-default elementor-section-height-default\" data-id=\"9e75d07\" data-element_type=\"section\" data-settings=\"{&quot;background_background&quot;:&quot;classic&quot;}\">\n\t\t\t\t\t\t\t<div class=\"elementor-background-overlay\"><\/div>\n\t\t\t\t\t\t\t<div class=\"elementor-container elementor-column-gap-default\">\n\t\t\t\t\t<div class=\"elementor-column elementor-col-100 elementor-top-column elementor-element elementor-element-7b807fa\" data-id=\"7b807fa\" data-element_type=\"column\">\n\t\t\t<div class=\"elementor-widget-wrap elementor-element-populated\">\n\t\t\t\t\t\t<section class=\"elementor-section elementor-inner-section elementor-element elementor-element-e72fb9f elementor-section-content-middle elementor-section-boxed elementor-section-height-default elementor-section-height-default\" data-id=\"e72fb9f\" data-element_type=\"section\">\n\t\t\t\t\t\t<div class=\"elementor-container elementor-column-gap-default\">\n\t\t\t\t\t<div class=\"elementor-column elementor-col-50 elementor-inner-column elementor-element elementor-element-2b0a688\" data-id=\"2b0a688\" data-element_type=\"column\">\n\t\t\t<div class=\"elementor-widget-wrap elementor-element-populated\">\n\t\t\t\t\t\t<div class=\"elementor-element elementor-element-473246a elementor-widget elementor-widget-spacer\" data-id=\"473246a\" data-element_type=\"widget\" data-widget_type=\"spacer.default\">\n\t\t\t\t<div class=\"elementor-widget-container\">\n\t\t\t\t\t\t\t<div class=\"elementor-spacer\">\n\t\t\t<div class=\"elementor-spacer-inner\"><\/div>\n\t\t<\/div>\n\t\t\t\t\t\t<\/div>\n\t\t\t\t<\/div>\n\t\t\t\t<div class=\"elementor-element elementor-element-448af80 elementor-widget elementor-widget-heading\" data-id=\"448af80\" data-element_type=\"widget\" data-widget_type=\"heading.default\">\n\t\t\t\t<div class=\"elementor-widget-container\">\n\t\t\t\t\t<h2 class=\"elementor-heading-title elementor-size-default\">Contact<\/h2>\t\t\t\t<\/div>\n\t\t\t\t<\/div>\n\t\t\t\t<div class=\"elementor-element elementor-element-6672490 elementor-widget elementor-widget-text-editor\" data-id=\"6672490\" data-element_type=\"widget\" data-widget_type=\"text-editor.default\">\n\t\t\t\t<div class=\"elementor-widget-container\">\n\t\t\t\t\t\t\t\t\t<p>email: info@vyvojelektro.cz<\/p><p>phone: +420 776 337 083<\/p><p>www.vyvojelektro.cz<\/p><p>\u00a0<\/p><p>Jaroslav K\u0159epelka<\/p><p>Dobr\u00e1 Voda u \u010cesk\u00fdch Bud\u011bjovic<\/p><p>Czech Republic<\/p><p>I\u010cO: 11653647<\/p>\t\t\t\t\t\t\t\t<\/div>\n\t\t\t\t<\/div>\n\t\t\t\t<div class=\"elementor-element elementor-element-3680d91 elementor-widget elementor-widget-spacer\" data-id=\"3680d91\" data-element_type=\"widget\" data-widget_type=\"spacer.default\">\n\t\t\t\t<div class=\"elementor-widget-container\">\n\t\t\t\t\t\t\t<div class=\"elementor-spacer\">\n\t\t\t<div class=\"elementor-spacer-inner\"><\/div>\n\t\t<\/div>\n\t\t\t\t\t\t<\/div>\n\t\t\t\t<\/div>\n\t\t\t\t\t<\/div>\n\t\t<\/div>\n\t\t\t\t<div class=\"elementor-column elementor-col-50 elementor-inner-column elementor-element elementor-element-72ab6c6\" data-id=\"72ab6c6\" data-element_type=\"column\">\n\t\t\t<div class=\"elementor-widget-wrap elementor-element-populated\">\n\t\t\t\t\t\t<div class=\"elementor-element elementor-element-8c42427 elementor-button-info elementor-align-center elementor-widget elementor-widget-button\" data-id=\"8c42427\" data-element_type=\"widget\" data-widget_type=\"button.default\">\n\t\t\t\t<div class=\"elementor-widget-container\">\n\t\t\t\t\t\t\t\t\t<div class=\"elementor-button-wrapper\">\n\t\t\t\t\t<a class=\"elementor-button elementor-button-link elementor-size-md\" href=\"mailto: info@vyvojelektro.cz\">\n\t\t\t\t\t\t<span class=\"elementor-button-content-wrapper\">\n\t\t\t\t\t\t\t\t\t<span class=\"elementor-button-text\">Email us<\/span>\n\t\t\t\t\t<\/span>\n\t\t\t\t\t<\/a>\n\t\t\t\t<\/div>\n\t\t\t\t\t\t\t\t<\/div>\n\t\t\t\t<\/div>\n\t\t\t\t<div class=\"elementor-element elementor-element-ee7a8a5 elementor-widget elementor-widget-spacer\" data-id=\"ee7a8a5\" data-element_type=\"widget\" data-widget_type=\"spacer.default\">\n\t\t\t\t<div class=\"elementor-widget-container\">\n\t\t\t\t\t\t\t<div class=\"elementor-spacer\">\n\t\t\t<div class=\"elementor-spacer-inner\"><\/div>\n\t\t<\/div>\n\t\t\t\t\t\t<\/div>\n\t\t\t\t<\/div>\n\t\t\t\t\t<\/div>\n\t\t<\/div>\n\t\t\t\t\t<\/div>\n\t\t<\/section>\n\t\t\t\t\t<\/div>\n\t\t<\/div>\n\t\t\t\t\t<\/div>\n\t\t<\/section>\n\t\t\t\t<\/div>","protected":false},"excerpt":{"rendered":"<p>Na\u0161e slu\u017eby R\u00e1di bychom V\u00e1m nab\u00eddli v\u00fdvoj zak\u00e1zkov\u00e9 elektroniky a elektronick\u00fdch p\u0159\u00edstroj\u016f a to zejm\u00e9na: &#8211; n\u00e1vrh obvodov\u00e9ho zapojen\u00ed elektroniky&#8211; n\u00e1vrh desek plo\u0161n\u00fdch spoj\u016f (n\u00e1vrh DPS)&#8211; n\u00e1vrh mechanick\u00fdch komponent p\u0159\u00edstroje&#8211; v\u00fdvoj firmware pro n\u00e1mi vyv\u00edjen\u00e9 aplikace&#8211; zpracov\u00e1n\u00ed kompletn\u00ed dokumentace a to v\u010detn\u011b<\/p>","protected":false},"author":1,"featured_media":0,"parent":0,"menu_order":0,"comment_status":"closed","ping_status":"closed","template":"elementor_header_footer","meta":{"_monsterinsights_skip_tracking":false,"_monsterinsights_sitenote_active":false,"_monsterinsights_sitenote_note":"","_monsterinsights_sitenote_category":0,"footnotes":""},"class_list":["post-495","page","type-page","status-publish","hentry"],"aioseo_notices":[],"_links":{"self":[{"href":"https:\/\/www.vyvojelektro.cz\/en\/wp-json\/wp\/v2\/pages\/495","targetHints":{"allow":["GET"]}}],"collection":[{"href":"https:\/\/www.vyvojelektro.cz\/en\/wp-json\/wp\/v2\/pages"}],"about":[{"href":"https:\/\/www.vyvojelektro.cz\/en\/wp-json\/wp\/v2\/types\/page"}],"author":[{"embeddable":true,"href":"https:\/\/www.vyvojelektro.cz\/en\/wp-json\/wp\/v2\/users\/1"}],"replies":[{"embeddable":true,"href":"https:\/\/www.vyvojelektro.cz\/en\/wp-json\/wp\/v2\/comments?post=495"}],"version-history":[{"count":16,"href":"https:\/\/www.vyvojelektro.cz\/en\/wp-json\/wp\/v2\/pages\/495\/revisions"}],"predecessor-version":[{"id":590,"href":"https:\/\/www.vyvojelektro.cz\/en\/wp-json\/wp\/v2\/pages\/495\/revisions\/590"}],"wp:attachment":[{"href":"https:\/\/www.vyvojelektro.cz\/en\/wp-json\/wp\/v2\/media?parent=495"}],"curies":[{"name":"wp","href":"https:\/\/api.w.org\/{rel}","templated":true}]}}