{"id":482,"date":"2021-09-07T13:37:54","date_gmt":"2021-09-07T11:37:54","guid":{"rendered":"http:\/\/www.vyvojelektro.cz\/?page_id=482"},"modified":"2021-09-08T12:33:14","modified_gmt":"2021-09-08T10:33:14","slug":"projects_cz","status":"publish","type":"page","link":"https:\/\/www.vyvojelektro.cz\/en\/projects_cz\/","title":{"rendered":"projects_cz"},"content":{"rendered":"<div data-elementor-type=\"wp-post\" data-elementor-id=\"482\" class=\"elementor elementor-482\">\n\t\t\t\t\t\t<section class=\"elementor-section elementor-top-section elementor-element elementor-element-1fc26f3 elementor-section-boxed elementor-section-height-default elementor-section-height-default\" data-id=\"1fc26f3\" data-element_type=\"section\" data-settings=\"{&quot;background_background&quot;:&quot;classic&quot;}\">\n\t\t\t\t\t\t<div class=\"elementor-container elementor-column-gap-default\">\n\t\t\t\t\t<div class=\"elementor-column elementor-col-100 elementor-top-column elementor-element elementor-element-bccb6d6\" data-id=\"bccb6d6\" data-element_type=\"column\">\n\t\t\t<div class=\"elementor-widget-wrap elementor-element-populated\">\n\t\t\t\t\t\t<div class=\"elementor-element elementor-element-4044e81 elementor-widget elementor-widget-spacer\" data-id=\"4044e81\" data-element_type=\"widget\" data-widget_type=\"spacer.default\">\n\t\t\t\t<div class=\"elementor-widget-container\">\n\t\t\t\t\t\t\t<div class=\"elementor-spacer\">\n\t\t\t<div class=\"elementor-spacer-inner\"><\/div>\n\t\t<\/div>\n\t\t\t\t\t\t<\/div>\n\t\t\t\t<\/div>\n\t\t\t\t<section class=\"elementor-section elementor-inner-section elementor-element elementor-element-f9c5aab elementor-section-boxed elementor-section-height-default elementor-section-height-default\" data-id=\"f9c5aab\" data-element_type=\"section\">\n\t\t\t\t\t\t<div class=\"elementor-container elementor-column-gap-default\">\n\t\t\t\t\t<div class=\"elementor-column elementor-col-50 elementor-inner-column elementor-element elementor-element-354b1ee\" data-id=\"354b1ee\" data-element_type=\"column\">\n\t\t\t<div class=\"elementor-widget-wrap elementor-element-populated\">\n\t\t\t\t\t\t<div class=\"elementor-element elementor-element-e32190f elementor-widget elementor-widget-heading\" data-id=\"e32190f\" data-element_type=\"widget\" data-widget_type=\"heading.default\">\n\t\t\t\t<div class=\"elementor-widget-container\">\n\t\t\t\t\t<h1 class=\"elementor-heading-title elementor-size-default\">Jak u n\u00e1s prob\u00edh\u00e1 \u0159\u00edzen\u00ed projekt\u016f ?<\/h1>\t\t\t\t<\/div>\n\t\t\t\t<\/div>\n\t\t\t\t<div class=\"elementor-element elementor-element-7a9efbb elementor-widget elementor-widget-spacer\" data-id=\"7a9efbb\" data-element_type=\"widget\" data-widget_type=\"spacer.default\">\n\t\t\t\t<div class=\"elementor-widget-container\">\n\t\t\t\t\t\t\t<div class=\"elementor-spacer\">\n\t\t\t<div class=\"elementor-spacer-inner\"><\/div>\n\t\t<\/div>\n\t\t\t\t\t\t<\/div>\n\t\t\t\t<\/div>\n\t\t\t\t\t<\/div>\n\t\t<\/div>\n\t\t\t\t<div class=\"elementor-column elementor-col-50 elementor-inner-column elementor-element elementor-element-af7374c\" data-id=\"af7374c\" data-element_type=\"column\">\n\t\t\t<div class=\"elementor-widget-wrap\">\n\t\t\t\t\t\t\t<\/div>\n\t\t<\/div>\n\t\t\t\t\t<\/div>\n\t\t<\/section>\n\t\t\t\t\t<\/div>\n\t\t<\/div>\n\t\t\t\t\t<\/div>\n\t\t<\/section>\n\t\t\t\t<section class=\"elementor-section elementor-top-section elementor-element elementor-element-928a618 elementor-section-boxed elementor-section-height-default elementor-section-height-default\" data-id=\"928a618\" data-element_type=\"section\" id=\"projects\" data-settings=\"{&quot;background_background&quot;:&quot;classic&quot;}\">\n\t\t\t\t\t\t<div class=\"elementor-container elementor-column-gap-default\">\n\t\t\t\t\t<div class=\"elementor-column elementor-col-50 elementor-top-column elementor-element elementor-element-7f96fd0\" data-id=\"7f96fd0\" data-element_type=\"column\" data-settings=\"{&quot;background_background&quot;:&quot;classic&quot;}\">\n\t\t\t<div class=\"elementor-widget-wrap elementor-element-populated\">\n\t\t\t\t\t\t<section class=\"elementor-section elementor-inner-section elementor-element elementor-element-2fde9c9 elementor-section-boxed elementor-section-height-default elementor-section-height-default\" data-id=\"2fde9c9\" data-element_type=\"section\">\n\t\t\t\t\t\t<div class=\"elementor-container elementor-column-gap-no\">\n\t\t\t\t\t<div class=\"elementor-column elementor-col-100 elementor-inner-column elementor-element elementor-element-9b045bc\" data-id=\"9b045bc\" data-element_type=\"column\">\n\t\t\t<div class=\"elementor-widget-wrap elementor-element-populated\">\n\t\t\t\t\t\t<div class=\"elementor-element elementor-element-5f888aa elementor-widget elementor-widget-spacer\" data-id=\"5f888aa\" data-element_type=\"widget\" data-widget_type=\"spacer.default\">\n\t\t\t\t<div class=\"elementor-widget-container\">\n\t\t\t\t\t\t\t<div class=\"elementor-spacer\">\n\t\t\t<div class=\"elementor-spacer-inner\"><\/div>\n\t\t<\/div>\n\t\t\t\t\t\t<\/div>\n\t\t\t\t<\/div>\n\t\t\t\t<div class=\"elementor-element elementor-element-5f25479 elementor-position-right elementor-vertical-align-top elementor-widget elementor-widget-image-box\" data-id=\"5f25479\" data-element_type=\"widget\" data-widget_type=\"image-box.default\">\n\t\t\t\t<div class=\"elementor-widget-container\">\n\t\t\t\t\t<div class=\"elementor-image-box-wrapper\"><figure class=\"elementor-image-box-img\"><img fetchpriority=\"high\" decoding=\"async\" width=\"1920\" height=\"1459\" src=\"https:\/\/www.vyvojelektro.cz\/wp-content\/uploads\/2021\/09\/paper-3309829_1920.jpg\" class=\"attachment-full size-full wp-image-486\" alt=\"\" srcset=\"https:\/\/www.vyvojelektro.cz\/wp-content\/uploads\/2021\/09\/paper-3309829_1920.jpg 1920w, https:\/\/www.vyvojelektro.cz\/wp-content\/uploads\/2021\/09\/paper-3309829_1920-300x228.jpg 300w, https:\/\/www.vyvojelektro.cz\/wp-content\/uploads\/2021\/09\/paper-3309829_1920-1024x778.jpg 1024w, https:\/\/www.vyvojelektro.cz\/wp-content\/uploads\/2021\/09\/paper-3309829_1920-768x584.jpg 768w, https:\/\/www.vyvojelektro.cz\/wp-content\/uploads\/2021\/09\/paper-3309829_1920-1536x1167.jpg 1536w, https:\/\/www.vyvojelektro.cz\/wp-content\/uploads\/2021\/09\/paper-3309829_1920-600x456.jpg 600w\" sizes=\"(max-width: 1920px) 100vw, 1920px\" \/><\/figure><div class=\"elementor-image-box-content\"><h3 class=\"elementor-image-box-title\">Task assignment<\/h3><p class=\"elementor-image-box-description\">We will compile a detailed assignment with you for the requirements and properties of the product. We will look for and possibly recommend technical standards and legal requirements for your product.  The potential risk of the product must be identified and prevented at the beginning of the project.<\/p><\/div><\/div>\t\t\t\t<\/div>\n\t\t\t\t<\/div>\n\t\t\t\t<div class=\"elementor-element elementor-element-4e3c25a elementor-widget elementor-widget-spacer\" data-id=\"4e3c25a\" data-element_type=\"widget\" data-widget_type=\"spacer.default\">\n\t\t\t\t<div class=\"elementor-widget-container\">\n\t\t\t\t\t\t\t<div class=\"elementor-spacer\">\n\t\t\t<div class=\"elementor-spacer-inner\"><\/div>\n\t\t<\/div>\n\t\t\t\t\t\t<\/div>\n\t\t\t\t<\/div>\n\t\t\t\t\t<\/div>\n\t\t<\/div>\n\t\t\t\t\t<\/div>\n\t\t<\/section>\n\t\t\t\t\t<\/div>\n\t\t<\/div>\n\t\t\t\t<div class=\"elementor-column elementor-col-50 elementor-top-column elementor-element elementor-element-4463a6c\" data-id=\"4463a6c\" data-element_type=\"column\">\n\t\t\t<div class=\"elementor-widget-wrap\">\n\t\t\t\t\t\t\t<\/div>\n\t\t<\/div>\n\t\t\t\t\t<\/div>\n\t\t<\/section>\n\t\t\t\t<section class=\"elementor-section elementor-top-section elementor-element elementor-element-dab80c4 elementor-section-content-middle elementor-section-boxed elementor-section-height-default elementor-section-height-default\" data-id=\"dab80c4\" data-element_type=\"section\" id=\"services\">\n\t\t\t\t\t\t<div class=\"elementor-container elementor-column-gap-no\">\n\t\t\t\t\t<div class=\"elementor-column elementor-col-100 elementor-top-column elementor-element elementor-element-2f7f536\" data-id=\"2f7f536\" data-element_type=\"column\">\n\t\t\t<div class=\"elementor-widget-wrap elementor-element-populated\">\n\t\t\t\t\t\t<section class=\"elementor-section elementor-inner-section elementor-element elementor-element-28429ff elementor-section-boxed elementor-section-height-default elementor-section-height-default\" data-id=\"28429ff\" data-element_type=\"section\" data-settings=\"{&quot;background_background&quot;:&quot;classic&quot;}\">\n\t\t\t\t\t\t<div class=\"elementor-container elementor-column-gap-default\">\n\t\t\t\t\t<div class=\"elementor-column elementor-col-50 elementor-inner-column elementor-element elementor-element-8625c77\" data-id=\"8625c77\" data-element_type=\"column\">\n\t\t\t<div class=\"elementor-widget-wrap\">\n\t\t\t\t\t\t\t<\/div>\n\t\t<\/div>\n\t\t\t\t<div class=\"elementor-column elementor-col-50 elementor-inner-column elementor-element elementor-element-3011f25\" data-id=\"3011f25\" data-element_type=\"column\">\n\t\t\t<div class=\"elementor-widget-wrap elementor-element-populated\">\n\t\t\t\t\t\t<div class=\"elementor-element elementor-element-b68dff2 elementor-position-left elementor-vertical-align-top elementor-widget elementor-widget-image-box\" data-id=\"b68dff2\" data-element_type=\"widget\" data-widget_type=\"image-box.default\">\n\t\t\t\t<div class=\"elementor-widget-container\">\n\t\t\t\t\t<div class=\"elementor-image-box-wrapper\"><figure class=\"elementor-image-box-img\"><img decoding=\"async\" width=\"640\" height=\"428\" src=\"https:\/\/www.vyvojelektro.cz\/wp-content\/uploads\/2021\/09\/chris-ried-bN5XdU-bap4-unsplash-1024x684.jpg\" class=\"attachment-large size-large wp-image-328\" alt=\"\" srcset=\"https:\/\/www.vyvojelektro.cz\/wp-content\/uploads\/2021\/09\/chris-ried-bN5XdU-bap4-unsplash-1024x684.jpg 1024w, https:\/\/www.vyvojelektro.cz\/wp-content\/uploads\/2021\/09\/chris-ried-bN5XdU-bap4-unsplash-scaled-600x401.jpg 600w, https:\/\/www.vyvojelektro.cz\/wp-content\/uploads\/2021\/09\/chris-ried-bN5XdU-bap4-unsplash-300x200.jpg 300w, https:\/\/www.vyvojelektro.cz\/wp-content\/uploads\/2021\/09\/chris-ried-bN5XdU-bap4-unsplash-768x513.jpg 768w, https:\/\/www.vyvojelektro.cz\/wp-content\/uploads\/2021\/09\/chris-ried-bN5XdU-bap4-unsplash-1536x1025.jpg 1536w, https:\/\/www.vyvojelektro.cz\/wp-content\/uploads\/2021\/09\/chris-ried-bN5XdU-bap4-unsplash-2048x1367.jpg 2048w\" sizes=\"(max-width: 640px) 100vw, 640px\" \/><\/figure><div class=\"elementor-image-box-content\"><h3 class=\"elementor-image-box-title\">Prototype development<\/h3><p class=\"elementor-image-box-description\">According to the project requirements, we will develop a prototype, on which we will test the proposed principles. The prototype is then presented to the customer, after approval detailed testing process begins.<br><br><br><br><br><br><br><\/p><\/div><\/div>\t\t\t\t<\/div>\n\t\t\t\t<\/div>\n\t\t\t\t\t<\/div>\n\t\t<\/div>\n\t\t\t\t\t<\/div>\n\t\t<\/section>\n\t\t\t\t\t<\/div>\n\t\t<\/div>\n\t\t\t\t\t<\/div>\n\t\t<\/section>\n\t\t\t\t<section class=\"elementor-section elementor-top-section elementor-element elementor-element-984a398 elementor-section-content-middle elementor-section-boxed elementor-section-height-default elementor-section-height-default\" data-id=\"984a398\" data-element_type=\"section\" id=\"clients\" data-settings=\"{&quot;background_background&quot;:&quot;classic&quot;}\">\n\t\t\t\t\t\t<div class=\"elementor-container elementor-column-gap-default\">\n\t\t\t\t\t<div class=\"elementor-column elementor-col-100 elementor-top-column elementor-element elementor-element-56a4ee3\" data-id=\"56a4ee3\" data-element_type=\"column\">\n\t\t\t<div class=\"elementor-widget-wrap elementor-element-populated\">\n\t\t\t\t\t\t<div class=\"elementor-element elementor-element-151c878 elementor-widget elementor-widget-spacer\" data-id=\"151c878\" data-element_type=\"widget\" data-widget_type=\"spacer.default\">\n\t\t\t\t<div class=\"elementor-widget-container\">\n\t\t\t\t\t\t\t<div class=\"elementor-spacer\">\n\t\t\t<div class=\"elementor-spacer-inner\"><\/div>\n\t\t<\/div>\n\t\t\t\t\t\t<\/div>\n\t\t\t\t<\/div>\n\t\t\t\t<section class=\"elementor-section elementor-inner-section elementor-element elementor-element-b0440c1 elementor-section-content-middle elementor-section-boxed elementor-section-height-default elementor-section-height-default\" data-id=\"b0440c1\" data-element_type=\"section\">\n\t\t\t\t\t\t<div class=\"elementor-container elementor-column-gap-default\">\n\t\t\t\t\t<div class=\"elementor-column elementor-col-33 elementor-inner-column elementor-element elementor-element-cc49f6e\" data-id=\"cc49f6e\" data-element_type=\"column\">\n\t\t\t<div class=\"elementor-widget-wrap elementor-element-populated\">\n\t\t\t\t\t\t<div class=\"elementor-element elementor-element-9f6bd77 elementor-position-right elementor-vertical-align-top elementor-widget elementor-widget-image-box\" data-id=\"9f6bd77\" data-element_type=\"widget\" data-widget_type=\"image-box.default\">\n\t\t\t\t<div class=\"elementor-widget-container\">\n\t\t\t\t\t<div class=\"elementor-image-box-wrapper\"><figure class=\"elementor-image-box-img\"><img decoding=\"async\" width=\"2560\" height=\"1707\" src=\"https:\/\/www.vyvojelektro.cz\/wp-content\/uploads\/2021\/09\/pexels-alexander-dummer-132700-scaled.jpg\" class=\"attachment-full size-full wp-image-487\" alt=\"\" srcset=\"https:\/\/www.vyvojelektro.cz\/wp-content\/uploads\/2021\/09\/pexels-alexander-dummer-132700-scaled.jpg 2560w, https:\/\/www.vyvojelektro.cz\/wp-content\/uploads\/2021\/09\/pexels-alexander-dummer-132700-300x200.jpg 300w, https:\/\/www.vyvojelektro.cz\/wp-content\/uploads\/2021\/09\/pexels-alexander-dummer-132700-1024x683.jpg 1024w, https:\/\/www.vyvojelektro.cz\/wp-content\/uploads\/2021\/09\/pexels-alexander-dummer-132700-768x512.jpg 768w, https:\/\/www.vyvojelektro.cz\/wp-content\/uploads\/2021\/09\/pexels-alexander-dummer-132700-1536x1024.jpg 1536w, https:\/\/www.vyvojelektro.cz\/wp-content\/uploads\/2021\/09\/pexels-alexander-dummer-132700-2048x1365.jpg 2048w, https:\/\/www.vyvojelektro.cz\/wp-content\/uploads\/2021\/09\/pexels-alexander-dummer-132700-600x400.jpg 600w\" sizes=\"(max-width: 2560px) 100vw, 2560px\" \/><\/figure><div class=\"elementor-image-box-content\"><h3 class=\"elementor-image-box-title\">Testing<\/h3><p class=\"elementor-image-box-description\">We will subject prototypes to demanding tests to ensure their functionality and reliability to the maximum extent. In this step, we will also prepare reports on compliance with legal requirements and technical standards.<\/p><\/div><\/div>\t\t\t\t<\/div>\n\t\t\t\t<\/div>\n\t\t\t\t\t<\/div>\n\t\t<\/div>\n\t\t\t\t<div class=\"elementor-column elementor-col-33 elementor-inner-column elementor-element elementor-element-524f5fc\" data-id=\"524f5fc\" data-element_type=\"column\">\n\t\t\t<div class=\"elementor-widget-wrap\">\n\t\t\t\t\t\t\t<\/div>\n\t\t<\/div>\n\t\t\t\t<div class=\"elementor-column elementor-col-33 elementor-inner-column elementor-element elementor-element-66e1ad6\" data-id=\"66e1ad6\" data-element_type=\"column\">\n\t\t\t<div class=\"elementor-widget-wrap\">\n\t\t\t\t\t\t\t<\/div>\n\t\t<\/div>\n\t\t\t\t\t<\/div>\n\t\t<\/section>\n\t\t\t\t<div class=\"elementor-element elementor-element-e266867 elementor-widget elementor-widget-spacer\" data-id=\"e266867\" data-element_type=\"widget\" data-widget_type=\"spacer.default\">\n\t\t\t\t<div class=\"elementor-widget-container\">\n\t\t\t\t\t\t\t<div class=\"elementor-spacer\">\n\t\t\t<div class=\"elementor-spacer-inner\"><\/div>\n\t\t<\/div>\n\t\t\t\t\t\t<\/div>\n\t\t\t\t<\/div>\n\t\t\t\t\t<\/div>\n\t\t<\/div>\n\t\t\t\t\t<\/div>\n\t\t<\/section>\n\t\t\t\t<section class=\"elementor-section elementor-top-section elementor-element elementor-element-bb9c2a2 elementor-section-content-middle elementor-section-boxed elementor-section-height-default elementor-section-height-default\" data-id=\"bb9c2a2\" data-element_type=\"section\">\n\t\t\t\t\t\t<div class=\"elementor-container elementor-column-gap-no\">\n\t\t\t\t\t<div class=\"elementor-column elementor-col-100 elementor-top-column elementor-element elementor-element-f4c48de\" data-id=\"f4c48de\" data-element_type=\"column\">\n\t\t\t<div class=\"elementor-widget-wrap elementor-element-populated\">\n\t\t\t\t\t\t<section class=\"elementor-section elementor-inner-section elementor-element elementor-element-d61d2f0 elementor-section-boxed elementor-section-height-default elementor-section-height-default\" data-id=\"d61d2f0\" data-element_type=\"section\" data-settings=\"{&quot;background_background&quot;:&quot;classic&quot;}\">\n\t\t\t\t\t\t<div class=\"elementor-container elementor-column-gap-default\">\n\t\t\t\t\t<div class=\"elementor-column elementor-col-50 elementor-inner-column elementor-element elementor-element-2c1f981\" data-id=\"2c1f981\" data-element_type=\"column\">\n\t\t\t<div class=\"elementor-widget-wrap\">\n\t\t\t\t\t\t\t<\/div>\n\t\t<\/div>\n\t\t\t\t<div class=\"elementor-column elementor-col-50 elementor-inner-column elementor-element elementor-element-320b799\" data-id=\"320b799\" data-element_type=\"column\">\n\t\t\t<div class=\"elementor-widget-wrap elementor-element-populated\">\n\t\t\t\t\t\t<div class=\"elementor-element elementor-element-cd27fef elementor-position-left elementor-vertical-align-top elementor-widget elementor-widget-image-box\" data-id=\"cd27fef\" data-element_type=\"widget\" data-widget_type=\"image-box.default\">\n\t\t\t\t<div class=\"elementor-widget-container\">\n\t\t\t\t\t<div class=\"elementor-image-box-wrapper\"><figure class=\"elementor-image-box-img\"><img loading=\"lazy\" decoding=\"async\" width=\"2560\" height=\"1706\" src=\"https:\/\/www.vyvojelektro.cz\/wp-content\/uploads\/2021\/09\/louis-reed-wSTCaQpiLtc-unsplash-scaled.jpg\" class=\"attachment-full size-full wp-image-329\" alt=\"\" srcset=\"https:\/\/www.vyvojelektro.cz\/wp-content\/uploads\/2021\/09\/louis-reed-wSTCaQpiLtc-unsplash-scaled.jpg 2560w, https:\/\/www.vyvojelektro.cz\/wp-content\/uploads\/2021\/09\/louis-reed-wSTCaQpiLtc-unsplash-scaled-600x400.jpg 600w, https:\/\/www.vyvojelektro.cz\/wp-content\/uploads\/2021\/09\/louis-reed-wSTCaQpiLtc-unsplash-300x200.jpg 300w, https:\/\/www.vyvojelektro.cz\/wp-content\/uploads\/2021\/09\/louis-reed-wSTCaQpiLtc-unsplash-1024x683.jpg 1024w, https:\/\/www.vyvojelektro.cz\/wp-content\/uploads\/2021\/09\/louis-reed-wSTCaQpiLtc-unsplash-768x512.jpg 768w, https:\/\/www.vyvojelektro.cz\/wp-content\/uploads\/2021\/09\/louis-reed-wSTCaQpiLtc-unsplash-1536x1024.jpg 1536w, https:\/\/www.vyvojelektro.cz\/wp-content\/uploads\/2021\/09\/louis-reed-wSTCaQpiLtc-unsplash-2048x1365.jpg 2048w\" sizes=\"(max-width: 2560px) 100vw, 2560px\" \/><\/figure><div class=\"elementor-image-box-content\"><h3 class=\"elementor-image-box-title\">Serial production<\/h3><p class=\"elementor-image-box-description\">Together with our partners, we will provide you with serial production, including all necessary tools and testers.<\/p><\/div><\/div>\t\t\t\t<\/div>\n\t\t\t\t<\/div>\n\t\t\t\t\t<\/div>\n\t\t<\/div>\n\t\t\t\t\t<\/div>\n\t\t<\/section>\n\t\t\t\t\t<\/div>\n\t\t<\/div>\n\t\t\t\t\t<\/div>\n\t\t<\/section>\n\t\t\t\t<section class=\"elementor-section elementor-top-section elementor-element elementor-element-9e75d07 elementor-section-content-middle elementor-section-boxed elementor-section-height-default elementor-section-height-default\" data-id=\"9e75d07\" data-element_type=\"section\" data-settings=\"{&quot;background_background&quot;:&quot;classic&quot;}\">\n\t\t\t\t\t\t\t<div class=\"elementor-background-overlay\"><\/div>\n\t\t\t\t\t\t\t<div class=\"elementor-container elementor-column-gap-default\">\n\t\t\t\t\t<div class=\"elementor-column elementor-col-100 elementor-top-column elementor-element elementor-element-7b807fa\" data-id=\"7b807fa\" data-element_type=\"column\">\n\t\t\t<div class=\"elementor-widget-wrap elementor-element-populated\">\n\t\t\t\t\t\t<section class=\"elementor-section elementor-inner-section elementor-element elementor-element-e72fb9f elementor-section-content-middle elementor-section-boxed elementor-section-height-default elementor-section-height-default\" data-id=\"e72fb9f\" data-element_type=\"section\">\n\t\t\t\t\t\t<div class=\"elementor-container elementor-column-gap-default\">\n\t\t\t\t\t<div class=\"elementor-column elementor-col-50 elementor-inner-column elementor-element elementor-element-2b0a688\" data-id=\"2b0a688\" data-element_type=\"column\">\n\t\t\t<div class=\"elementor-widget-wrap elementor-element-populated\">\n\t\t\t\t\t\t<div class=\"elementor-element elementor-element-473246a elementor-widget elementor-widget-spacer\" data-id=\"473246a\" data-element_type=\"widget\" data-widget_type=\"spacer.default\">\n\t\t\t\t<div class=\"elementor-widget-container\">\n\t\t\t\t\t\t\t<div class=\"elementor-spacer\">\n\t\t\t<div class=\"elementor-spacer-inner\"><\/div>\n\t\t<\/div>\n\t\t\t\t\t\t<\/div>\n\t\t\t\t<\/div>\n\t\t\t\t<div class=\"elementor-element elementor-element-448af80 elementor-widget elementor-widget-heading\" data-id=\"448af80\" data-element_type=\"widget\" data-widget_type=\"heading.default\">\n\t\t\t\t<div class=\"elementor-widget-container\">\n\t\t\t\t\t<h2 class=\"elementor-heading-title elementor-size-default\">Contact<\/h2>\t\t\t\t<\/div>\n\t\t\t\t<\/div>\n\t\t\t\t<div class=\"elementor-element elementor-element-6672490 elementor-widget elementor-widget-text-editor\" data-id=\"6672490\" data-element_type=\"widget\" data-widget_type=\"text-editor.default\">\n\t\t\t\t<div class=\"elementor-widget-container\">\n\t\t\t\t\t\t\t\t\t<p>email: info@vyvojelektro.cz<\/p><p>phone: +420 776 337 083<\/p><p>www.vyvojelektro.cz<\/p><p>\u00a0<\/p><p>Jaroslav K\u0159epelka<\/p><p>Dobr\u00e1 Voda u \u010cesk\u00fdch Bud\u011bjovic<\/p><p>Czech Republic<\/p><p>I\u010cO: 11653647<\/p>\t\t\t\t\t\t\t\t<\/div>\n\t\t\t\t<\/div>\n\t\t\t\t<div class=\"elementor-element elementor-element-3680d91 elementor-widget elementor-widget-spacer\" data-id=\"3680d91\" data-element_type=\"widget\" data-widget_type=\"spacer.default\">\n\t\t\t\t<div class=\"elementor-widget-container\">\n\t\t\t\t\t\t\t<div class=\"elementor-spacer\">\n\t\t\t<div class=\"elementor-spacer-inner\"><\/div>\n\t\t<\/div>\n\t\t\t\t\t\t<\/div>\n\t\t\t\t<\/div>\n\t\t\t\t\t<\/div>\n\t\t<\/div>\n\t\t\t\t<div class=\"elementor-column elementor-col-50 elementor-inner-column elementor-element elementor-element-72ab6c6\" data-id=\"72ab6c6\" data-element_type=\"column\">\n\t\t\t<div class=\"elementor-widget-wrap elementor-element-populated\">\n\t\t\t\t\t\t<div class=\"elementor-element elementor-element-8c42427 elementor-button-info elementor-align-center elementor-widget elementor-widget-button\" data-id=\"8c42427\" data-element_type=\"widget\" data-widget_type=\"button.default\">\n\t\t\t\t<div class=\"elementor-widget-container\">\n\t\t\t\t\t\t\t\t\t<div class=\"elementor-button-wrapper\">\n\t\t\t\t\t<a class=\"elementor-button elementor-button-link elementor-size-md\" href=\"mailto: info@vyvojelektro.cz\">\n\t\t\t\t\t\t<span class=\"elementor-button-content-wrapper\">\n\t\t\t\t\t\t\t\t\t<span class=\"elementor-button-text\">Email us<\/span>\n\t\t\t\t\t<\/span>\n\t\t\t\t\t<\/a>\n\t\t\t\t<\/div>\n\t\t\t\t\t\t\t\t<\/div>\n\t\t\t\t<\/div>\n\t\t\t\t<div class=\"elementor-element elementor-element-ee7a8a5 elementor-widget elementor-widget-spacer\" data-id=\"ee7a8a5\" data-element_type=\"widget\" data-widget_type=\"spacer.default\">\n\t\t\t\t<div class=\"elementor-widget-container\">\n\t\t\t\t\t\t\t<div class=\"elementor-spacer\">\n\t\t\t<div class=\"elementor-spacer-inner\"><\/div>\n\t\t<\/div>\n\t\t\t\t\t\t<\/div>\n\t\t\t\t<\/div>\n\t\t\t\t\t<\/div>\n\t\t<\/div>\n\t\t\t\t\t<\/div>\n\t\t<\/section>\n\t\t\t\t\t<\/div>\n\t\t<\/div>\n\t\t\t\t\t<\/div>\n\t\t<\/section>\n\t\t\t\t<\/div>","protected":false},"excerpt":{"rendered":"<p>Jak u n\u00e1s prob\u00edh\u00e1 \u0159\u00edzen\u00ed projekt\u016f ? Zad\u00e1n\u00ed Sestav\u00edme s V\u00e1mi podrobn\u00e9 zad\u00e1n\u00ed na po\u017eadavky a vlastnosti produktu. Vyhled\u00e1me a p\u0159\u00edp. doporu\u010d\u00edme technick\u00e9 normy a z\u00e1konn\u00e9 po\u017eadavky pro V\u00e1\u0161 v\u00fdrobek. Z\u00e1rove\u0148 se ji\u017e na po\u010d\u00e1tku projektu sna\u017e\u00edme identifikovat potenci\u00e1ln\u00ed rizika v\u00fdrobku a p\u0159edch\u00e1zet jim. V\u00fdvoj prototypu Podle zad\u00e1n\u00ed vyvineme prototyp, na kter\u00e9m vyzkou\u0161\u00edme navr\u017een\u00e9 principy. [&hellip;]<\/p>","protected":false},"author":1,"featured_media":0,"parent":0,"menu_order":0,"comment_status":"closed","ping_status":"closed","template":"elementor_header_footer","meta":{"_monsterinsights_skip_tracking":false,"_monsterinsights_sitenote_active":false,"_monsterinsights_sitenote_note":"","_monsterinsights_sitenote_category":0,"footnotes":""},"class_list":["post-482","page","type-page","status-publish","hentry"],"aioseo_notices":[],"_links":{"self":[{"href":"https:\/\/www.vyvojelektro.cz\/en\/wp-json\/wp\/v2\/pages\/482","targetHints":{"allow":["GET"]}}],"collection":[{"href":"https:\/\/www.vyvojelektro.cz\/en\/wp-json\/wp\/v2\/pages"}],"about":[{"href":"https:\/\/www.vyvojelektro.cz\/en\/wp-json\/wp\/v2\/types\/page"}],"author":[{"embeddable":true,"href":"https:\/\/www.vyvojelektro.cz\/en\/wp-json\/wp\/v2\/users\/1"}],"replies":[{"embeddable":true,"href":"https:\/\/www.vyvojelektro.cz\/en\/wp-json\/wp\/v2\/comments?post=482"}],"version-history":[{"count":22,"href":"https:\/\/www.vyvojelektro.cz\/en\/wp-json\/wp\/v2\/pages\/482\/revisions"}],"predecessor-version":[{"id":610,"href":"https:\/\/www.vyvojelektro.cz\/en\/wp-json\/wp\/v2\/pages\/482\/revisions\/610"}],"wp:attachment":[{"href":"https:\/\/www.vyvojelektro.cz\/en\/wp-json\/wp\/v2\/media?parent=482"}],"curies":[{"name":"wp","href":"https:\/\/api.w.org\/{rel}","templated":true}]}}